{"id":840,"date":"2016-04-12T12:19:04","date_gmt":"2016-04-14T10:19:04","guid":{"rendered":"http:\/\/localhost\/de\/prodotto\/olio-extravergine-di-oliva\/"},"modified":"2017-06-10T16:01:16","modified_gmt":"2017-06-10T14:01:16","slug":"extra-natives-olivenoel","status":"publish","type":"product","link":"https:\/\/www.rubattornovini.it\/de\/prodotto\/extra-natives-olivenoel\/","title":{"rendered":"Natives Oliven\u00f6l Extra"},"content":{"rendered":"<p style=\"padding-left: 30px; text-align: justify;\"><strong>TECHNISCHES DATENBLATT<\/strong><\/p>\n<p style=\"text-align: justify;\"><strong>Olivensorten: <\/strong>Leccino, Moraiolo und Frantoio<br \/>\n<strong>Olivenernte:<\/strong> handgemacht, zwischen Ende Oktober und Anfang November<br \/>\n<strong>Wahrnehmbare Noten:\u00a0<\/strong>von\u00a0smaragdgr\u00fcner Farbe und dem fruchtigen und intensiven Duft mit Noten von Artischocke und Wegwarte, hat es einen vollen und ausgeglichenen Geschmack mit einem leicht\u00a0gew\u00fcrzten Finale.\u00a0<br \/>\n<strong>Verbindung:<\/strong> geeignet f\u00fcr alle Sorten der Gew\u00fcrzen ob roh und gekocht, gibt es Frische dem Gericht. Es ist von einer hohen Hitzwiderstand ausgestattet, kann man es auch f\u00fcr die Ausgebackene verwenden und er bewahrt den N\u00e4hrwert. Neulich auch in Feingeb\u00e4ck verwendet, hat es sich als das herausragende Element f\u00fcr die Zubereitung der S\u00fc\u00dfigkeiten mit intensiven Geschmacken mit dem Vorteil\u00a0erwiesen, eine gr\u00f6\u00dfere Verdaulichkeit und Leichtheit den gekochten Desserts zu geben.\u00a0<\/p>\n<p style=\"text-align: justify;\"><span style=\"color: #800000;\"><strong><em>Laden Sie die PDF-Datei herunter<\/em><\/strong>\u00a0\u00a0<\/span><\/p>\n","protected":false},"excerpt":{"rendered":"<p style=\"text-align: justify;\">Mit ausgezeichnerter Qualit\u00e4t und einzigartigen organoleptischen Eigenschaften, enth\u00e4lt es die alten und unverwechselbaren Geschm\u00e4cke eines an Traditionen reichen Land wie die Toskana. Die Olivensorten Leccino, Moraiolo und Frantoio werden sorgf\u00e4ltig von Hand ausgew\u00e4hlt und sie werden am selben Tag der Sammlung gepresst, um seine hohe Qualit\u00e4t sicherzustellen. Angenehm und frish mit allen Arten von Gerichten, hebt es sich insbesonderen mit ger\u00f6steten Knoblauchbrot und mit ger\u00f6steten Knoblauchbrot mit Tomaten hervor, die zeitlose Gerichten der traditionellen toskanischen K\u00fcche sind. \u00a0\u00a0<\/p>\n","protected":false},"featured_media":2319,"comment_status":"open","ping_status":"closed","template":"","meta":[],"product_brand":[],"product_cat":[905],"product_tag":[746,748,750],"class_list":{"0":"post-840","1":"product","2":"type-product","3":"status-publish","4":"has-post-thumbnail","6":"product_cat-uncategorized","7":"product_tag-quarrata-de","8":"product_tag-rubattorno-de","9":"product_tag-toscana-de","11":"first","12":"instock","13":"shipping-taxable","14":"purchasable","15":"product-type-simple"},"aioseo_notices":[],"_links":{"self":[{"href":"https:\/\/www.rubattornovini.it\/de\/wp-json\/wp\/v2\/product\/840","targetHints":{"allow":["GET"]}}],"collection":[{"href":"https:\/\/www.rubattornovini.it\/de\/wp-json\/wp\/v2\/product"}],"about":[{"href":"https:\/\/www.rubattornovini.it\/de\/wp-json\/wp\/v2\/types\/product"}],"replies":[{"embeddable":true,"href":"https:\/\/www.rubattornovini.it\/de\/wp-json\/wp\/v2\/comments?post=840"}],"wp:featuredmedia":[{"embeddable":true,"href":"https:\/\/www.rubattornovini.it\/de\/wp-json\/wp\/v2\/media\/2319"}],"wp:attachment":[{"href":"https:\/\/www.rubattornovini.it\/de\/wp-json\/wp\/v2\/media?parent=840"}],"wp:term":[{"taxonomy":"product_brand","embeddable":true,"href":"https:\/\/www.rubattornovini.it\/de\/wp-json\/wp\/v2\/product_brand?post=840"},{"taxonomy":"product_cat","embeddable":true,"href":"https:\/\/www.rubattornovini.it\/de\/wp-json\/wp\/v2\/product_cat?post=840"},{"taxonomy":"product_tag","embeddable":true,"href":"https:\/\/www.rubattornovini.it\/de\/wp-json\/wp\/v2\/product_tag?post=840"}],"curies":[{"name":"wp","href":"https:\/\/api.w.org\/{rel}","templated":true}]}}