{"id":809,"date":"2016-04-13T18:13:58","date_gmt":"2016-04-13T16:13:58","guid":{"rendered":"http:\/\/localhost\/de\/prodotto\/grappa-del-chianti\/"},"modified":"2017-05-14T21:46:16","modified_gmt":"2017-05-14T19:46:16","slug":"grappa-del-chianti","status":"publish","type":"product","link":"https:\/\/www.rubattornovini.it\/de\/prodotto\/grappa-del-chianti\/","title":{"rendered":"Grappa del Chianti"},"content":{"rendered":"<p style=\"padding-left: 30px;\"><strong>TECHNISCHES DATENBLATT<\/strong><\/p>\n<p style=\"text-align: justify;\"><strong>Traubensorte:<\/strong>\u00a0haupts\u00e4chlich\u00a0Sangiovese<br \/>\n <strong>Alkoholgehalt:<\/strong>\u00a043% vol.<br \/>\n <strong>Wahrnehmbare Noten: <\/strong>mit<strong>\u00a0<\/strong>scharfer wei\u00dfer\u00a0Farbe beh\u00e4lt alle Geruschsd\u00fcfte von den beerenroten Trauben, dem elegante gebl\u00fcmte und leicht zitrusartig Noten hinzuf\u00fcgen. Echter und harmonischer am Geruch, zeigt er alle seine 43 Alkoholgehalte mit einem weichen und warmen Geschmack.\u00a0<br \/>\n <strong>Verbindung:\u00a0<\/strong>ausgezeichnet am Ende des Essens, begleitet er elegant das Ende\u00a0des Mittag- oder Abendessens, hebt er sich insbesondere hervor, nachdem man einen guten Kaffee in kleinen Schlucken getrunken hat, sodass er gr\u00f6\u00dfere Schmackhaftigkeit und Weichheit dem Duft der Bohne gibt.\u00a0<br \/>\n <strong>Gesamtproduktion:\u00a0<\/strong>500 Flaschen<br \/>\n <strong>Verfeinerung:\u00a0<\/strong>in der Flasche<\/p>\n<p><span style=\"color: #800000;\"><strong><em>Laden Sie die PDF-Datei herunter<\/em><\/strong>\u00a0<\/span><\/p>\n","protected":false},"excerpt":{"rendered":"<p style=\"text-align: justify;\">Er stammt aus dem Wort <em>&#8222;graspo&#8220;<\/em>, der\u00a0<em>&#8222;Weintrieb&#8220;\u00a0<\/em>bedeutet, und\u00a0das einzige Destillat seit Jahrhunderten ber\u00fccksichtigt wird, das sich mehr der Extraktion der Seele oder der &#8222;Quintessenz&#8220; von einem festen Rohstoff n\u00e4hert: Trester, die von dem Abstich des Mostes von Rotweinen erhalten sind. Grappa del Chianti wird aus der Destillation der Trester des Weins &#8222;Chianti D.O.C.G.&#8220;, daher der haupts\u00e4chlich Sangiovese Trauben gewonnen. Wie es bekannt ist, sind die Trester schon gegart und bereit, um von dem Master Distiller destilliert zu werden. Ausgezeichnet am Ende des Essens ist sein Geschmack weich und trocken.\u00a0<\/p>\n","protected":false},"featured_media":2316,"comment_status":"open","ping_status":"closed","template":"","meta":[],"product_brand":[],"product_cat":[905],"product_tag":[735,746,748,750],"class_list":{"0":"post-809","1":"product","2":"type-product","3":"status-publish","4":"has-post-thumbnail","6":"product_cat-uncategorized","7":"product_tag-chianti-montalbano-de","8":"product_tag-quarrata-de","9":"product_tag-rubattorno-de","10":"product_tag-toscana-de","12":"first","13":"instock","14":"shipping-taxable","15":"purchasable","16":"product-type-simple"},"aioseo_notices":[],"_links":{"self":[{"href":"https:\/\/www.rubattornovini.it\/de\/wp-json\/wp\/v2\/product\/809","targetHints":{"allow":["GET"]}}],"collection":[{"href":"https:\/\/www.rubattornovini.it\/de\/wp-json\/wp\/v2\/product"}],"about":[{"href":"https:\/\/www.rubattornovini.it\/de\/wp-json\/wp\/v2\/types\/product"}],"replies":[{"embeddable":true,"href":"https:\/\/www.rubattornovini.it\/de\/wp-json\/wp\/v2\/comments?post=809"}],"wp:featuredmedia":[{"embeddable":true,"href":"https:\/\/www.rubattornovini.it\/de\/wp-json\/wp\/v2\/media\/2316"}],"wp:attachment":[{"href":"https:\/\/www.rubattornovini.it\/de\/wp-json\/wp\/v2\/media?parent=809"}],"wp:term":[{"taxonomy":"product_brand","embeddable":true,"href":"https:\/\/www.rubattornovini.it\/de\/wp-json\/wp\/v2\/product_brand?post=809"},{"taxonomy":"product_cat","embeddable":true,"href":"https:\/\/www.rubattornovini.it\/de\/wp-json\/wp\/v2\/product_cat?post=809"},{"taxonomy":"product_tag","embeddable":true,"href":"https:\/\/www.rubattornovini.it\/de\/wp-json\/wp\/v2\/product_tag?post=809"}],"curies":[{"name":"wp","href":"https:\/\/api.w.org\/{rel}","templated":true}]}}