{"id":865,"date":"2014-05-05T14:13:17","date_gmt":"2014-05-05T14:13:17","guid":{"rendered":"http:\/\/localhost\/de\/home\/benvenuti-nella-nostra-cantina\/"},"modified":"2017-05-12T14:42:56","modified_gmt":"2017-05-12T12:42:56","slug":"willkommen-in-der-weinkeller-rubattorno","status":"publish","type":"page","link":"https:\/\/www.rubattornovini.it\/de\/home\/willkommen-in-der-weinkeller-rubattorno\/","title":{"rendered":"Willkommen im Weingut Rubattorno"},"content":{"rendered":"<p style=\"text-align: center;\"><span style=\"color: #800000;\"><strong>Casa Vinicola Rubattorno ist ein familiengef\u00fchrter Weinbetrieb, der in der N\u00e4he von der wichtigsten toskanischen Kunstst\u00e4dte und Badeorte (Pistoia, Prato, Florenz, Lucca, Viareggio) gelegen ist.<\/strong><\/span><\/p>\n<p style=\"text-align: center;\">Wir sind im Herzen des Chianti Montalbano DOCG, ein bekanntes Gebiet f\u00fcr seine Produktion von qualitativ hochwertigen Weine und Oliven\u00f6l.<\/p>\n<p><!--more--><\/p>\n<p style=\"text-align: center;\">Das Weingut Rubattorno zielt, wertvolle Weine des Gebiets zu produzieren. Neben roten, wei\u00dfen und ros\u00e9n Weine mit Herkunftsbezeichnung IGT und DOCG, produziert das Unternehmen &#8222;Vinsanto del Chianti DOC&#8220;, &#8222;Grappa del Chianti&#8220; und natives Oliven\u00f6l extra. Die offenere Weine und auch diejenige in der Flasche sind verf\u00fcgbar ob im Direktverkauf im Keller unseres Weinguts oder auf &#8222;Online Weinkeller&#8220; dieser Website\u00a0<a href=\"http:\/\/www.rubattornovini.it\/de\/online-weinkeller\/\">http:\/\/www.rubattornovini.it\/de\/online-weinkeller\/<\/a><a href=\"http:\/\/www.rubattornovini.it\/de\/online-weinkeller\/ \u200e\">\u200e<\/a><\/p>\n<p style=\"text-align: center;\">Wir organisieren auch private Veranstaltungen (zum Beispiel Weinproben, Aperitifs, Abendessen) mit Besichtigungen dem Keller und den Weinbergen. In der Sektion &#8222;Buchen Sie Ihre Weinprobe&#8220; k\u00f6nnen Sie Ihre private Veranstaltung buchen\u00a0<a href=\"http:\/\/www.rubattornovini.it\/de\/home\/buchen-sie-ihre-weinprobe\/\">http:\/\/www.rubattornovini.it\/de\/home\/buchen-sie-ihre-weinprobe\/<\/a><\/p>\n<p style=\"text-align: center;\">Wir freuen uns auf Ihren Besuch bei uns im Weingut mit Verkostung von Weine und Oliven\u00f6l!<\/p>\n","protected":false},"excerpt":{"rendered":"<p>Casa Vinicola Rubattorno ist ein familiengef\u00fchrter Weinbetrieb, der in der N\u00e4he von der wichtigsten toskanischen Kunstst\u00e4dte und Badeorte (Pistoia, Prato, Florenz, Lucca, Viareggio) gelegen ist. Wir sind im Herzen des &hellip; <a href=\"https:\/\/www.rubattornovini.it\/de\/home\/willkommen-in-der-weinkeller-rubattorno\/\" class=\"excerpt-link\">Read More<\/a><\/p>\n","protected":false},"author":1,"featured_media":2049,"parent":863,"menu_order":0,"comment_status":"open","ping_status":"open","template":"page-templates\/page-with-sidebar.php","meta":{"footnotes":""},"class_list":["post-865","page","type-page","status-publish","has-post-thumbnail","hentry"],"aioseo_notices":[],"_links":{"self":[{"href":"https:\/\/www.rubattornovini.it\/de\/wp-json\/wp\/v2\/pages\/865","targetHints":{"allow":["GET"]}}],"collection":[{"href":"https:\/\/www.rubattornovini.it\/de\/wp-json\/wp\/v2\/pages"}],"about":[{"href":"https:\/\/www.rubattornovini.it\/de\/wp-json\/wp\/v2\/types\/page"}],"author":[{"embeddable":true,"href":"https:\/\/www.rubattornovini.it\/de\/wp-json\/wp\/v2\/users\/1"}],"replies":[{"embeddable":true,"href":"https:\/\/www.rubattornovini.it\/de\/wp-json\/wp\/v2\/comments?post=865"}],"version-history":[{"count":16,"href":"https:\/\/www.rubattornovini.it\/de\/wp-json\/wp\/v2\/pages\/865\/revisions"}],"predecessor-version":[{"id":2380,"href":"https:\/\/www.rubattornovini.it\/de\/wp-json\/wp\/v2\/pages\/865\/revisions\/2380"}],"up":[{"embeddable":true,"href":"https:\/\/www.rubattornovini.it\/de\/wp-json\/wp\/v2\/pages\/863"}],"wp:featuredmedia":[{"embeddable":true,"href":"https:\/\/www.rubattornovini.it\/de\/wp-json\/wp\/v2\/media\/2049"}],"wp:attachment":[{"href":"https:\/\/www.rubattornovini.it\/de\/wp-json\/wp\/v2\/media?parent=865"}],"curies":[{"name":"wp","href":"https:\/\/api.w.org\/{rel}","templated":true}]}}