{"id":854,"date":"2015-02-02T10:49:02","date_gmt":"2015-02-02T10:49:02","guid":{"rendered":"http:\/\/localhost\/de\/ueber-uns\/carmine-potenza\/"},"modified":"2017-05-02T19:34:04","modified_gmt":"2017-05-02T17:34:04","slug":"carmine-potenza","status":"publish","type":"page","link":"https:\/\/www.rubattornovini.it\/de\/ueber-uns\/carmine-potenza\/","title":{"rendered":"Carmine Potenza"},"content":{"rendered":"<p><i><img loading=\"lazy\" decoding=\"async\" class=\"size-full wp-image-730 alignleft\" src=\"http:\/\/localhost\/wp-content\/uploads\/2015\/02\/carmine2.jpg\" alt=\"carmine2\" width=\"500\" height=\"300\" srcset=\"https:\/\/www.rubattornovini.it\/wp-content\/uploads\/2015\/02\/carmine2.jpg 500w, https:\/\/www.rubattornovini.it\/wp-content\/uploads\/2015\/02\/carmine2-300x180.jpg 300w\" sizes=\"auto, (max-width: 500px) 100vw, 500px\" \/><\/i><\/p>\n<p style=\"text-align: justify;\" align=\"justify\"><strong>Gesch\u00e4ftsf\u00fchrer<\/strong><\/p>\n<p style=\"text-align: justify;\">Von klein auf hatte Carmine Potenza die Leidenschaft f\u00fcr das Land. In der Tat seit dem Alter von zehn Jahren liebte er seinen Vater zu folgen, um alle Arbeiten zu beobachten, die in den Weinbergen seiner Familie gemacht wurden. Immer mehr fasziniert von der Kunst, die die Weintraube brachte, Wein zu werden, hat er sein Studium begonnen, das ihn gef\u00fchrt hat, als Weinbautechniker und Absolvent der Fachoberschule f\u00fcr Landwirtschaft einen Abschluss zu machen. Dank der Erfahrungen, die er im Weinsektor gesammelt hat und dank seinem technischen und weinkundlichen Know-how hat er diesen Beruf gelernt. Und schlie\u00dflich, seiner Traum ein eigenes Weingut zu leiten, wo er durch seine Erfahrung markierte Weine produzieren kann, hat sich bewahrheitet.\u00a0<\/p>\n<hr \/>\n<p><strong>E-Mail:<\/strong><br \/>\n <a href=\"mailto:info@rubattornovini.it\">info@rubattornovini.it<\/a><\/p>\n","protected":false},"excerpt":{"rendered":"<p>Gesch\u00e4ftsf\u00fchrer Von klein auf hatte Carmine Potenza die Leidenschaft f\u00fcr das Land. In der Tat seit dem Alter von zehn Jahren liebte er seinen Vater zu folgen, um alle Arbeiten &hellip; <a href=\"https:\/\/www.rubattornovini.it\/de\/ueber-uns\/carmine-potenza\/\" class=\"excerpt-link\">Read More<\/a><\/p>\n","protected":false},"author":1,"featured_media":1999,"parent":848,"menu_order":0,"comment_status":"open","ping_status":"open","template":"page-templates\/page-without-image.php","meta":{"footnotes":""},"class_list":["post-854","page","type-page","status-publish","has-post-thumbnail","hentry"],"aioseo_notices":[],"_links":{"self":[{"href":"https:\/\/www.rubattornovini.it\/de\/wp-json\/wp\/v2\/pages\/854","targetHints":{"allow":["GET"]}}],"collection":[{"href":"https:\/\/www.rubattornovini.it\/de\/wp-json\/wp\/v2\/pages"}],"about":[{"href":"https:\/\/www.rubattornovini.it\/de\/wp-json\/wp\/v2\/types\/page"}],"author":[{"embeddable":true,"href":"https:\/\/www.rubattornovini.it\/de\/wp-json\/wp\/v2\/users\/1"}],"replies":[{"embeddable":true,"href":"https:\/\/www.rubattornovini.it\/de\/wp-json\/wp\/v2\/comments?post=854"}],"version-history":[{"count":11,"href":"https:\/\/www.rubattornovini.it\/de\/wp-json\/wp\/v2\/pages\/854\/revisions"}],"predecessor-version":[{"id":2390,"href":"https:\/\/www.rubattornovini.it\/de\/wp-json\/wp\/v2\/pages\/854\/revisions\/2390"}],"up":[{"embeddable":true,"href":"https:\/\/www.rubattornovini.it\/de\/wp-json\/wp\/v2\/pages\/848"}],"wp:featuredmedia":[{"embeddable":true,"href":"https:\/\/www.rubattornovini.it\/de\/wp-json\/wp\/v2\/media\/1999"}],"wp:attachment":[{"href":"https:\/\/www.rubattornovini.it\/de\/wp-json\/wp\/v2\/media?parent=854"}],"curies":[{"name":"wp","href":"https:\/\/api.w.org\/{rel}","templated":true}]}}