{"id":848,"date":"2015-02-02T10:47:59","date_gmt":"2015-02-02T10:47:59","guid":{"rendered":"http:\/\/localhost\/de\/chi-siamo\/"},"modified":"2024-07-29T18:20:56","modified_gmt":"2024-07-29T16:20:56","slug":"ueber-uns","status":"publish","type":"page","link":"https:\/\/www.rubattornovini.it\/de\/ueber-uns\/","title":{"rendered":"\u00dcber uns"},"content":{"rendered":"<p style=\"text-align: justify;\">Das Weingut Rubattorno zu kennen, ist es, als Kunst und Geschichte, Tradition und Kultur der Toskana von 1800 bis heute zu atmen.<\/p>\n<p style=\"text-align: justify;\">Der familiengef\u00fchrte Betrieb wird von dem Weinbautechniker Carmine Potenza ausgef\u00fchrt, der zielt, die eigene Weine und das Gebiet von Montalbano mit einer gastfreundlichen und famili\u00e4ren Atmosph\u00e4re in einer traditionellen toskanischen Umgebung bekannt zu machen, die die italienischen und ausl\u00e4ndischen Touristen &#8222;eine Oase&#8220; von Montalbano gennant haben.<\/p>\n<p style=\"text-align: justify;\">Carmine auf eine lange Tradition in der toskanischen Weinwelt z\u00e4hlen k\u00f6nnen, weil er in einer Familie wuchs, die f\u00fcr Generationen Weinreben und Olivenb\u00e4umen kultiviert.<\/p>\n<p style=\"text-align: justify;\">Schon immer daher in der Weinwelt, besch\u00e4ftigt er sich mit der Leitung der Weinbergen, die vollst\u00e4ndig das Weingut umgeben, und mit der Weinbereitungsprozesse im Keller.\u00a0Fester Vertreter der Philosophie der toskanischen Weinbauern wonach &#8222;Ein guter Wein entsteht nicht im Keller, sondern im Weinberg&#8220;, produziert Carmine nat\u00fcrliche und echte hoher Qualit\u00e4t Weine, die gelingen, die unverwechselbaren und einzigen Aromen von roten und wei\u00dfen Weintrauben von diesem besonderen Gebiet von Montalbano auszudr\u00fccken.<\/p>\n<p style=\"text-align: justify;\">Das Weingut Rubattorno will die von der Weinwelt faszinierten Leute und diejenigen empfangen, die suchen, sich dieser Welt zu n\u00e4hern. Die Famielie sucht, Ihnen bei einem Weinglas Anekdoten der Geschichte und Tradition zu erz\u00e4hlen, die aufwickeln und dies exklusives Teil des Montalbano-Gebiets einzigartig machen, als wenn wir uns mit Freunden oder Verwandten vor dem Kamin im Winter\u00a0oder vor einem Lagerfeuer am Strand im Sommer wieder treffen. Ein Weinglas, daher, das mehr als 200 Jahre von Geschichte zu erz\u00e4hlen hat.<\/p>\n","protected":false},"excerpt":{"rendered":"<p>Das Weingut Rubattorno zu kennen, ist es, als Kunst und Geschichte, Tradition und Kultur der Toskana von 1800 bis heute zu atmen. Der familiengef\u00fchrte Betrieb wird von dem Weinbautechniker Carmine &hellip; <a href=\"https:\/\/www.rubattornovini.it\/de\/ueber-uns\/\" class=\"excerpt-link\">Read More<\/a><\/p>\n","protected":false},"author":1,"featured_media":1997,"parent":0,"menu_order":0,"comment_status":"open","ping_status":"open","template":"page-templates\/grid-page.php","meta":{"footnotes":""},"class_list":["post-848","page","type-page","status-publish","has-post-thumbnail","hentry"],"aioseo_notices":[],"_links":{"self":[{"href":"https:\/\/www.rubattornovini.it\/de\/wp-json\/wp\/v2\/pages\/848","targetHints":{"allow":["GET"]}}],"collection":[{"href":"https:\/\/www.rubattornovini.it\/de\/wp-json\/wp\/v2\/pages"}],"about":[{"href":"https:\/\/www.rubattornovini.it\/de\/wp-json\/wp\/v2\/types\/page"}],"author":[{"embeddable":true,"href":"https:\/\/www.rubattornovini.it\/de\/wp-json\/wp\/v2\/users\/1"}],"replies":[{"embeddable":true,"href":"https:\/\/www.rubattornovini.it\/de\/wp-json\/wp\/v2\/comments?post=848"}],"version-history":[{"count":14,"href":"https:\/\/www.rubattornovini.it\/de\/wp-json\/wp\/v2\/pages\/848\/revisions"}],"predecessor-version":[{"id":3040,"href":"https:\/\/www.rubattornovini.it\/de\/wp-json\/wp\/v2\/pages\/848\/revisions\/3040"}],"wp:featuredmedia":[{"embeddable":true,"href":"https:\/\/www.rubattornovini.it\/de\/wp-json\/wp\/v2\/media\/1997"}],"wp:attachment":[{"href":"https:\/\/www.rubattornovini.it\/de\/wp-json\/wp\/v2\/media?parent=848"}],"curies":[{"name":"wp","href":"https:\/\/api.w.org\/{rel}","templated":true}]}}