{"id":770,"date":"2014-05-05T14:52:49","date_gmt":"2014-05-05T14:52:49","guid":{"rendered":"http:\/\/localhost\/azienda\/?lang=de"},"modified":"2017-05-14T11:22:26","modified_gmt":"2017-05-14T09:22:26","slug":"weingut","status":"publish","type":"page","link":"https:\/\/www.rubattornovini.it\/de\/weingut\/","title":{"rendered":"Weingut"},"content":{"rendered":"<p style=\"text-align: justify; padding-left: 30px;\"><span style=\"font-family: Garamond, serif;\"><span style=\"font-size: large;\"><strong>Rubattorno: eine Marke<i>,<\/i>\u00a0die nach einer historischen Stra\u00dfe von<\/strong><b>\u00a0Montalbano benennt<\/b><\/span><\/span><\/p>\n<p style=\"text-align: justify;\"><span style=\"font-family: Garamond, serif; color: #000000;\"><span style=\"font-size: large;\">Das Weingut erstreckt sicht\u00a0\u00fcber eine Oberfl\u00e4che von 18 Hektaren und es ist eine Realit\u00e4t, die ihre Wurzeln im Jahre 1700 hat, als das Landgut an die Grafen Arrighini geh\u00f6rte. Der Name &#8222;Rubattorno&#8220; hat einen noch\u00a0\u00e4lteren Ursprung und kommt aus dem Wechsel von geschichtlichen und sozialen Ereignissen. Die\u00a0Stra\u00dfe &#8222;Rubattorno&#8220; war n\u00e4mlich der Ort, wo die R\u00e4uber im Jahre 1200 sich auf die Lauer legten, um Raubzug unter den Herden zu machen, die gezwungen waren, von dort zu gehen, um die Weiden von Montalbano zu erreichen. Der Name &#8222;Rubattorno&#8220; daher, wo es sich noch heute der Betrieb befindet und nach dem benennt das Weingut, zeigt auf eine Stra\u00dfe und ein kleines Vorstadtviertel von H\u00e4usern in der Gemeinde von Quarrata, die auf internationaler Ebene f\u00fcr das M\u00f6bel und die Baumschulerei sehr bekannt ist.\u00a0<\/span><\/span><\/p>\n<p style=\"text-align: justify;\"><span style=\"font-family: Garamond, serif; color: #000000;\"><span style=\"font-size: large;\">Das Weingut befindet sich in der wundersch\u00f6nen toskanischen Landschaft von Montalbano, 60 Meter\u00a0\u00fcber dem Meeresspiegel, und besteht aus einem herrschaftlichen Landhaus, das v\u00f6llig von Weinbergen und von einem Olivenhain umgeben ist. Der Betrieb befindet sich innerhalb eines abgegrenzten und beschr\u00e4nkten Gebiet von Chianti DOCG: in der Tat befindet sich im Gebiet von Chianti Montalbano DOCG, eine Unterzone des Chiantis. Die Weinen entspringen aus den klassichen Weinbergen dieses exklusiven <em>Terroirs<\/em>, oder aus den Weintrauben von Trebbiano Toscano, Sangiovese, Canaiolo nero und Colorino.\u00a0<\/span><\/span><\/p>\n<p style=\"padding-left: 30px;\" align=\"justify\"><span style=\"font-family: Garamond, serif;\"><span style=\"font-size: large;\"><b>Dort, wo der Prinz der Chianti Montalbano ist<\/b><\/span><\/span><\/p>\n<div style=\"width: 361px\" class=\"wp-caption alignright\"><a href=\"http:\/\/www.uni3ivrea.it\/enologia\/classificazione_vini_big.jpg\" data-rel=\"lightbox-image-0\" data-rl_title=\"\" data-rl_caption=\"\" title=\"\"><img loading=\"lazy\" decoding=\"async\" src=\"http:\/\/www.uni3ivrea.it\/enologia\/classificazione_vini_big.jpg\" width=\"351\" height=\"294\" \/><\/a><p class=\"wp-caption-text\">Fonte: http:\/\/www.uni3ivrea.it\/enologia\/classificazione_vini_big.jpg<\/p><\/div>\n<p style=\"text-align: justify;\"><span style=\"font-family: Garamond, serif; color: #000000;\"><span style=\"font-size: large;\">Das Weingut Rubattorno abzielt, der Chianti Montalbano bekannt zu machen, der ein Gebiet ist, wo im Jahre 1200 Wein produziert wurde, um ganz Italien zu versorgen. Um gerade dieses Gebiet und die Weine bekannt zu machen, die es geben kann, hat der Betrieb geschlossen, Weine mit der Bezeichnung &#8222;Chianti Montalbano DOCG&#8220; zu produzieren. In der Tat nach der Weinqualit\u00e4tspyramide, ist die Weinproduktion mit solcher Bezeichnung, da sie eine der Unterzones von Chianti DOCG ist, von einer Bezugsspezifikation geregelt, die restriktiveren und strengeren Normen vorsieht. Der Chianti Montalbano DOCG, da er eine Bezeichnung einer beschr\u00e4nkten und exklusiven Zone von Chianti DOCG ist, verschafft sich eine Position naturgem\u00e4\u00df an der Spitze der Weinqualit\u00e4tspyramide, weil hier hochkar\u00e4tige und von hoher Qualit\u00e4t Weine produziert werden. \u00a0<\/span><\/span><\/p>\n<p style=\"text-align: justify;\"><span style=\"font-family: Garamond, serif;\"><span style=\"font-size: large;\"><span style=\"color: #000000;\">Daher unter den Weinen des Weinguts ist der Prinz sicherlich der<\/span>\u00a0<a href=\"http:\/\/www.rubattornovini.it\/de\/geschaft\/chianti-montalbano-riserva-d-o-c-g\/\">Chianti Montalbano Riserva D.O.C.G.<\/a>, <strong><em>der im Jahr 2016\u00a02 Stars an der Wine Fair Exhibition von London<\/em><\/strong>\u00a0<em><strong>bekam<\/strong><\/em><\/span><\/span><span style=\"font-family: Garamond, serif;\"><span style=\"font-size: large;\"><em><strong>\u00a0 <\/strong><\/em>\u00a0 \u00a0 \u00a0 \u00a0 \u00a0 \u00a0 \u00a0 \u00a0 \u00a0 \u00a0<\/span><\/span><\/p>\n<p style=\"text-align: justify;\"><span style=\"font-family: Garamond, serif;\"><span style=\"font-size: large;\">Die Weinproduktion des Betriebs ist breit und vielf\u00e4ltig und umfasst auch:\u00a0<\/span><\/span><br \/>\n<span style=\"font-family: Garamond, serif;\"><span style=\"font-size: large;\"><a href=\"http:\/\/www.rubattornovini.it\/de\/geschaft\/chianti-montalbano-d-o-c-g\/\"><br \/>\nChianti Montalbano D.O.C.G.<\/a>, <em><strong>der <\/strong><strong><em>i<\/em>m Jahre 2016<\/strong> <strong>Dritte im Wettbewerb &#8222;Messer Chianti&#8220; von Vinci wurde\u00a0<\/strong><\/em><\/span><\/span><br \/>\n<span style=\"font-family: Garamond, serif;\"><span style=\"font-size: large;\"><a href=\"http:\/\/www.rubattornovini.it\/de\/geschaft\/vin-santo-del-chianti-d-o-c\/\">Vin Santo del Chianti DOC<\/a>\u00a0<\/span><\/span><br \/>\n<span style=\"font-family: Garamond, serif;\"><span style=\"font-size: large;\"><a href=\"http:\/\/www.rubattornovini.it\/de\/geschaft\/grappa-del-chianti\/\">Grappa del Chianti<\/a>\u00a0<\/span><\/span><br \/>\n<span style=\"font-family: Garamond, serif;\"><span style=\"font-size: large;\"><a href=\"http:\/\/www.rubattornovini.it\/de\/geschaft\/trebbiano-igt\/\">Trebbiano di Toscana IGT<\/a>\u00a0<\/span><\/span><br \/>\n<span style=\"font-family: Garamond, serif;\"><span style=\"font-size: large;\"><a href=\"http:\/\/www.rubattornovini.it\/de\/geschaft\/sangiovese-rose-igt\/\">Rosato di Toscana IGT<\/a>\u00a0<\/span><\/span><br \/>\n<span style=\"font-family: Garamond, serif;\"><span style=\"font-size: large;\"><a href=\"http:\/\/www.rubattornovini.it\/de\/geschaft\/sangiovese-igt\/\">Sangiovese di Toscana IGT<\/a>\u00a0<\/span><\/span><br \/>\n<span style=\"font-family: Garamond, serif;\"><span style=\"font-size: large;\">und nat\u00fcrlich das\u00a0<a href=\"http:\/\/www.rubattornovini.it\/de\/geschaft\/extra-natives-olivenoel\/\">Extra natives Oliven\u00f6l<\/a><\/span><\/span><\/p>\n<h2 style=\"text-align: center;\" align=\"justify\">Rubattorno: das Chianti, das Sie nicht erwarten!<\/h2>\n","protected":false},"excerpt":{"rendered":"<p>Rubattorno: eine Marke,\u00a0die nach einer historischen Stra\u00dfe von\u00a0Montalbano benennt Das Weingut erstreckt sicht\u00a0\u00fcber eine Oberfl\u00e4che von 18 Hektaren und es ist eine Realit\u00e4t, die ihre Wurzeln im Jahre 1700 hat, &hellip; <a href=\"https:\/\/www.rubattornovini.it\/de\/weingut\/\" class=\"excerpt-link\">Read More<\/a><\/p>\n","protected":false},"author":1,"featured_media":1870,"parent":0,"menu_order":3,"comment_status":"closed","ping_status":"closed","template":"page-templates\/inner-page.php","meta":{"footnotes":""},"class_list":["post-770","page","type-page","status-publish","has-post-thumbnail","hentry"],"aioseo_notices":[],"_links":{"self":[{"href":"https:\/\/www.rubattornovini.it\/de\/wp-json\/wp\/v2\/pages\/770","targetHints":{"allow":["GET"]}}],"collection":[{"href":"https:\/\/www.rubattornovini.it\/de\/wp-json\/wp\/v2\/pages"}],"about":[{"href":"https:\/\/www.rubattornovini.it\/de\/wp-json\/wp\/v2\/types\/page"}],"author":[{"embeddable":true,"href":"https:\/\/www.rubattornovini.it\/de\/wp-json\/wp\/v2\/users\/1"}],"replies":[{"embeddable":true,"href":"https:\/\/www.rubattornovini.it\/de\/wp-json\/wp\/v2\/comments?post=770"}],"version-history":[{"count":15,"href":"https:\/\/www.rubattornovini.it\/de\/wp-json\/wp\/v2\/pages\/770\/revisions"}],"predecessor-version":[{"id":2513,"href":"https:\/\/www.rubattornovini.it\/de\/wp-json\/wp\/v2\/pages\/770\/revisions\/2513"}],"wp:featuredmedia":[{"embeddable":true,"href":"https:\/\/www.rubattornovini.it\/de\/wp-json\/wp\/v2\/media\/1870"}],"wp:attachment":[{"href":"https:\/\/www.rubattornovini.it\/de\/wp-json\/wp\/v2\/media?parent=770"}],"curies":[{"name":"wp","href":"https:\/\/api.w.org\/{rel}","templated":true}]}}