{"id":2410,"date":"2016-04-18T10:29:06","date_gmt":"2016-04-18T08:29:06","guid":{"rendered":"http:\/\/www.rubattornovini.it\/privacy-policy\/"},"modified":"2017-05-12T11:02:34","modified_gmt":"2017-05-12T09:02:34","slug":"privacy-policy","status":"publish","type":"page","link":"https:\/\/www.rubattornovini.it\/de\/privacy-policy\/","title":{"rendered":"Datenschutzerkl\u00e4rung"},"content":{"rendered":"<p><strong>Inhaber der Datenverarbeitung<\/strong><\/p>\n<p>Casa Vinicola Rubattorno s.r.l. &#8211; Via Rubattorno, 254 &#8211; 51039 Quarrata (Pistoia), Italien<\/p>\n<p>E-Mail: <a href=\"info@rubattornovini.it%2520\">info@rubattornovini.it<\/a><\/p>\n<p><b>Einleitung<\/b><\/p>\n<p style=\"text-align: justify;\">Die Rechtsverordnung\u00a0\u00fcber die Verarbeitung und den Schutz personenbezogener Daten erlegt eine Reihe von Verpflichtungen f\u00fcr diejenigen auf, die von auf anderen Subjekte beziehende Informationen handeln, darunter jene, die Person zu informieren, zu der auf die verarbeitete Daten sich in Bezug auf die Verwendung beziehen, die der entsprechenden Informationen gemacht wird, und die Zustimmung der\u00a0Durchf\u00fchrung von zugrunde liegenden Gesch\u00e4ften\u00a0zu erhalten. Die betreffende Norm versteht als Datenverarbeitung die folgenden Aktionen: Sammlung, Aufzeichnung, Organisierung, Aufbewahrung, Konsultation, Verarbeitung, Modifizierung, Auswahl, Abfrage, Vergleich, Nutzung, Verbindung, Sperrung, Mitteilung, Verbreitung, Losch\u00fcng und Vernichtung. \u00a0<\/p>\n<p style=\"text-align: justify;\"><strong>Typologien der gesammelten Daten<\/strong><\/p>\n<p style=\"text-align: justify;\">Unter den von dieser Website gesammelten personenbezogenen Daten, auf unabh\u00e4ngige Weise oder durch Dritten, gibt es: Cookies und Nutzungsdaten, Vorname, Nachname und E-Mail. Andere personenbezogene Informationen k\u00f6nnten in anderen Sektionen dieser Datenschutzerkl\u00e4rung oder durch zusammen mit derselben Sammlungsdaten angezeigte informative Texte angegeben werden. Die personenbezogenen Daten k\u00f6nnen freiwillig vom Benutzer eingegeben\u00a0oder\u00a0auf automatische Weise w\u00e4hrend der Nutzung dieser Website gesammelt werden. Die eventuelle Nutzung von Cookies &#8211; oder anderer Tracking-Tools &#8211; vonseiten dieser Website oder der Inhaber der von dieser Website verwendeten Fremdleistungen, sofern nicht anders angegeben, zielt darauf ab, den Benutzer zu identifizieren und die dazugeh\u00f6renden Vorz\u00fcge f\u00fcr Zwecke in engem Zusammenhang mit der Erbringung des vom Benutzer angeforderten Dienstes aufzuzeichnen. Die Nicht-Verleihung seitens des Benutzers eigener personenbezogener Daten k\u00f6nnte dieser Website verhindern, die eigene Dienstleistungen zu erbringen. Der Benutzer \u00fcbernimmt die Verantwortung der von Dritten durch diese Website ver\u00f6ffentlichten oder ausgetauschten personenbezogenen Daten und gew\u00e4hrleistet, das Recht zu haben, sie mitzuteilen oder zu verbreiten, sodass der Inhaber von jeglicher Haftung gegen\u00fcber Dritten befreit ist. \u00a0 \u00a0\u00a0<\/p>\n<p style=\"text-align: justify;\"><strong>Modalit\u00e4t und Ort der Verarbeitung der gesammelten Daten<\/strong><\/p>\n<p style=\"text-align: justify;\"><em>Verarbeitungsmodalit\u00e4t<\/em><\/p>\n<p style=\"text-align: justify;\">Der Inhaber verarbeitet die\u00a0personenbezogenen Daten der Benutzer und er verwendet die geeigneten Sicherheitsma\u00dfnahmen zur Verh\u00fctung des Zugangs, der Verbreitung, der\u00a0\u00c4nderung oder der Vernichtung der personenbezogenen Daten, die nicht autorisiert sind. Die Datenverarbeitung wird durch IT-Werkzeugen und\/oder\u00a0elektronische Kommunikationsmittel, mit Organisationsmodalit\u00e4ten und Logiken in engem Zusammenhang mit den angegebenen Zwecken gemacht. Neben dem Inhaber, in einigen F\u00e4llen, k\u00f6nnten Zugang zu den Daten Kategorien von Beauftragten erhalten, die an der Organisation der Website (Verwaltungspersonal, Vertriebspersonal, Marketingspersonal, Rechtspersonal, Systemadministratoren) oder externe Akteuren (wie externe technische Dienstleistern, EilBoten, Hosting-Provider, Computerunternehmen, Media-Agenturen) beteiligt sind, die auch gegebenenfalls gennant sind, Verantwortlichen der Verarbeitung seitens des Inhabers. Die aktualisierte Liste der\u00a0Verantwortlichen wird immer von dem Verarbeitungsinhaber verlangt werden k\u00f6nnen.\u00a0<\/p>\n<p style=\"text-align: justify;\"><em>Ort<\/em><\/p>\n<p style=\"text-align: justify;\">Die Daten werden bei den operativen Betrieben des Inhabers und in jedem anderen Ort verarbeitert, wo die an der Verarbeitung beitiligte Parteien lokalisiert sind. F\u00fcr weitere Informationen m\u00fcssen Sieden Inhaber kontaktieren. \u00a0<\/p>\n<p style=\"text-align: justify;\"><em>Zeiten<\/em><\/p>\n<p style=\"text-align: justify;\">Die Daten werden f\u00fcr die notwendige Zeit der Leistungserbringung verarbeitet, die vom Benutzer oder von in dieser Dokument beschriebenen Zwecken verlangt sind und der Benutzer kann immer die Verarbeitungsunterbrechung oder die Datenl\u00f6schung den Datenverarbeitungsinhaber fragen.\u00a0<\/p>\n<p style=\"text-align: justify;\"><strong>Zwecke der gesammelten Datenverarbeitung<\/strong><\/p>\n<p> Die Benutzerdaten werden gesammelt, um dem Inhaber zu erlauben, die eigene Dienstleistungen zu erbringen, so wie f\u00fcr die folgenden Zwecke: Statistik, den Benutzer kontaktieren, die Anzeige der Inhalten von externen Plattformen, Adressemanagement und Sendung von E-Mails. Die Arten der f\u00fcr jeden Zweck verwendeten personenbezogenen Daten sind in der besonderen Sektionen dieses Dokuments angegeben. \u00a0<\/p>\n<p style=\"text-align: justify;\"><strong>Navigationsdaten (Protokolldateien)<\/strong><\/p>\n<p style=\"text-align: justify;\">Die Informatiksysteme und die Softwareverfahre, die dem Funktioneren dieser Website \u00fcbergeordnet sind, erhalten, im Verlauf ihres Normalbetriebs eigene personenbezogene Daten, deren\u00a0\u00dcbermittlung in der Verwendung der Kommunikationsprotokolle von Internet implizit ist. Es handelt sich um Informationen, die nicht gesammelt werden, um identifizierten Betreffende einbezogen zu werden, die aber aufgrund ihres Inhalts k\u00f6nnten erlauben, durch Verarbeitungen und Assoziationen mit von Dritten besitzten Daten die Benutzer zu identifizieren. Zu dieser Kategorie von Daten geh\u00f6ren die IP-Adressen oder die Dom\u00e4nennamen der von der Benutzern verwendeten Computer, die sich mit der Website verbinden, die Adressen in der URL-Notierung (Uniform Resource Identifier) der angefragtenen Ressourcen, die Uhrzeit der Anfrage, die Methode, die zur Weiterleitung der Anfrage an den Server benutzt wird, die Gr\u00f6\u00dfe der erhaltenen Antwortdatei, der Zahlencode, der den Status der vom Server gegebenen Antwort (gutes Ende, Fehler usw.) sowie andere Parameter bez\u00fcglich des Betriebssystems und der Informatikumgebung des Benutzers angibt. Diese Daten werden verwendet, nur f\u00fcr den Zweck anonyme statistiche Informationen \u00fcber die Benutzung der Website zu gewinnen und das korrekte Funktioneren zu kontrollieren und sie sind f\u00fcr die vor gesetzlichen Bezugsregelung definierten Zeiten bewahrt. Die Daten k\u00f6nnten f\u00fcr die Feststellung der Verantwortlichkeit im Fall von hypotetischer Internetkriminalit\u00e4t zum Nachteil der Website verwendet werden. \u00a0 \u00a0 \u00a0<\/p>\n<p style=\"text-align: justify;\">\n <strong>Freiwillig von den Benutzern gegebene Daten<\/strong><\/p>\n<p style=\"text-align: justify;\">Die optionale Aufnahme der Daten in den Formulare dieser Website ebenso wie die fakultative, ausdr\u00fcckliche und freiwillige Sendung, von Daten in den Web-Formulare oder von elektronischer Post der auf dieser Website angegebenen Adressen, f\u00fcr die Erlangung der besonderen Dienstleistungen (zum Beispiel den Newsletter) und\/oder der Mitteilungen und Informationen bedingt die anschlie\u00dfende \u00dcbernahme der Absenderadresse, die notwendig ist, um auf die Anfragen zu antworten oder die Dienstleistungen zu erbringen, die angefragten Mitteilungen und Informationen sowie der eventuellen anderen eingef\u00fcgten personenbezogenen Daten. \u00a0<\/p>\n<p style=\"text-align: justify;\">\u00a0<strong>Cookies<\/strong><strong><br \/>\n <\/strong><br \/>\n Auf der Website k\u00f6nnten Web-Tracking-Systeme wie Cookies oder Javacript-Codes verwendet werden. Es handelt sich um Computeraufzeichnungen von Informationen, die von einem Webserver auf dem Computer des Benutzers f\u00fcr die zuk\u00fcnftige Identifikation dieses Computers zum Zeitpunkt der zuk\u00fcnftigen Besuche auf der gleichen Website\u00a0\u00fcbertragt werden. Diese Instrumente beitragen, die Analyse von Web-Traffic zu erleichtern und sie erlauben die korrekte Funktionsf\u00e4higkeit der Website und sie erlauben der Web-Anwendungen, Informationen an einzelnen Benutzer zu senden.\u00a0<\/p>\n<p style=\"text-align: justify;\"><strong>Details \u00fcber die Verarbeitung personenbezogener Daten<\/strong><\/p>\n<p style=\"text-align: justify;\">Die personenbezogenen Daten werden f\u00fcr die folgenden Zwecke gesammelt und durch die folgenden Dienstleistungen verwendet: Statistik und Interaktion mit sozialen Netzwerken und externen Plattformen.\u00a0<\/p>\n<p style=\"text-align: justify;\"><strong>Interaktion mit\u00a0sozialen Netzwerken und externen Plattformen<\/strong><\/p>\n<p style=\"text-align: justify;\">Diese Dienstleistungen erlauben, Interaktionen mit den sozialen Netzwerken oder mit anderen externen Plattformen direkt von der Seiten dieser Website zu machen. Die von dieser Website gewonnenen Interaktionen und Informationen unterliegen in jedem Fall der jedem sozialen Netzwerk dazugeh\u00f6renden Datenschutzeinstellungen des Benutzers. F\u00fcr den Fall, dass einen Interaktionsdienst mit den sozialen Netzwerken installiert wurde, ist es m\u00f6glich dass, auch wenn die Benutzer die Dienstleistung nicht verwenden, dieselbe an der Seiten dazugeh\u00f6rende Web-Traffic-Daten sammelt, wo es installiert ist. \u00a0 \u00a0\u00a0<\/p>\n<p style=\"text-align: justify;\">Button &#8222;Gef\u00e4llt mir&#8220; und soziale Widgets von Facebook (Facebook, Inc.)<\/p>\n<p style=\"text-align: justify;\">Der Button &#8222;Gef\u00e4llt mir&#8220; und die sozialen Widgets von Facebook sind Interaktionsdienstleistungen mit dem sozialen Netzwerk Facebook, die von Facebook, Inc. erbringen werden. Gesammelte personenbezogene Daten: Cookies und Nutzungsdaten. Ort der Verarbeitung: USA &#8211; <span style=\"text-decoration: underline;\">Privacy Policy.<\/span>\u00a0<\/p>\n<p style=\"text-align: justify;\"><u><\/u><strong>Statistik<\/strong><strong><br \/>\n <\/strong><br \/>\n Die in dieser Sektion enthalten Diensleistungen dem Verarbeitungsinhaber erlauben, die Web-Traffic-Daten zu \u00fcberwachen und zu analysieren und sie dienen, dem Benutzerverhalten aufzuzeichnen.\u00a0<\/p>\n<p style=\"text-align: justify;\">Google Analytics (Google Inc.)<\/p>\n<p style=\"text-align: justify;\">Google Analytics ist ein von Google Inc. (Google) erbringens Web-Analytics-Service. Google verwendet die gesammelten personenbezogenen Daten, um den Benutzerfluss auf diese Website zu zeichnen, Reporte auszuf\u00fcllen und sie mit den anderen von Google entwickelten Service zu teilen. Google k\u00f6nnte die personenbezogenen Daten verwenden, um die Meldungen eigenen Werbenetzworks einzuordnen und pers\u00f6nlich gestalten.<\/p>\n<p style=\"text-align: justify;\">Gesammelte personenbezogene Daten: Cookies und Nutzungsdaten.<br \/>\n Ort der Verarbeitung: USA \u2013 <u>Privacy Policy<\/u> &#8211; <u>Opt Out<\/u><\/p>\n<p style=\"text-align: justify;\">Sie k\u00f6nnen die Verwendung von Cookies ablehnen, indem Sie die geeignete Einstellung in Ihrem Browser ausw\u00e4hlen, aber dies k\u00f6nnte Sie verhindern, alle Funktionen dieser Website zu verwenden. Durch die Nutzung dieser Website stimmt der Benutzer der Verarbeitung eigener Daten f\u00fcr die oben angef\u00fchrten Modalit\u00e4ten und die Zwecke zu.\u00a0<\/p>\n<p style=\"text-align: justify;\"><strong>Zwecke und Modalit\u00e4ten der Verarbeitung<\/strong><\/p>\n<p style=\"text-align: justify;\">Verteidigung vor Gericht<\/p>\n<p style=\"text-align: justify;\">Die personenbezogenen Daten des Benutzers k\u00f6nnen f\u00fcr die Verteidigung seitens des Inhabers vor Gericht oder in der Verfahrensschritte seiner eventuellen Gr\u00fcndung von Missbrauchen in der Verwendung der gleichen oder der seitens Benutzers angeschlossenen Service verwendet werden. Der Benutzer erkl\u00e4rt, bewusst zu sein, dass der Inhaber angefragt werden k\u00f6nnte, die Daten auf Anfrage der \u00f6ffentlichen Beh\u00f6rden zu verraten.\u00a0<\/p>\n<p style=\"text-align: justify;\">Spezifische Informationsschreiben<\/p>\n<p style=\"text-align: justify;\">Auf Anfrage des Benutzers, zus\u00e4tlich zu den in dieser Datenschutzerkl\u00e4rung enthaltenen Informationen, k\u00f6nnte dieser Website dem Benutzer einige zus\u00e4tzliche und kontextuelle Informationsschreiben, die spezifischen Dienstleistungen oder die Sammlung and die Verarbeitung der personenbezogenen Daten betreffen.\u00a0<\/p>\n<p style=\"text-align: justify;\">Systemprotokoll und Wartung<\/p>\n<p style=\"text-align: justify;\">F\u00fcr dem Funktionieren und der Wartung angebundene Notwendigkeiten, k\u00f6nnten dieser Website und die eventuellen von ihr verwendeten dritten Dienstleistungen Systemprotokoll oder Dateien sammeln, die die Interaktionen aufzeichnen und die\u00a0k\u00f6nnen auch personenbezogene Daten, wie IP-Adresse des Benutzers enthalten.\u00a0<\/p>\n<p style=\"text-align: justify;\">In dieser Datenschutzerkl\u00e4rung nicht enthaltene Informationen<\/p>\n<p style=\"text-align: justify;\">Weitere Informationen bez\u00fcglich der Sammlung und der Verarbeitung der pesonenbezogenen Daten\u00a0k\u00f6nnten den Verarbeitungsinhaber durch die Verwendung der Kontaktinformationen jederzeit angefragt werden.\u00a0<\/p>\n<p style=\"text-align: justify;\">Aus\u00fcbung der Rechte seitens der Benutzer<\/p>\n<p style=\"text-align: justify;\">Die Subjekte, denen sich personenbezogene Daten beziehen, haben das Recht jederzeit, die Best\u00e4tigung der Existenz oder weniger der gleichen vom Verarbeitungsinhaber zu erhalten, ihren Inhalt und ihre Ursprung zu kennen, ihre Genauigkeit zu kontrollieren oder ihre Erg\u00e4nzung, L\u00f6schung, Aktualisierung, Richtigstellung, Verwandlung in Anonymisierung oder ihre Sperrung der gesetzwidrig behandelten personenbezogenen Daten anzufragen, sowie sich in jedem Fall aus rechtlichen Gr\u00fcnden ihrer Verarbeitung zu widersetzen. Die Anfrangen m\u00fcssen an den Verarbeitungsinhaber gewendet werden. \u00a0<\/p>\n<p style=\"text-align: justify;\"><strong>\u00c4nderungen dieser Datenschutzerkl\u00e4rung<\/strong><\/p>\n<p style=\"text-align: justify;\">Der Verarbeitungsinhaber beh\u00e4lt sich das Recht vor,\u00a0\u00c4nderungen an dieser Datenschutzerkl\u00e4rung jederzeit hinzuzuf\u00fcgen, indem er davon\u00a0Werbung den Benutzern auf dieser Seite gibt. Bitte konsultieren Sie deshalb diese Seite oft, indem Sie als Bezug das Datum der unten angezeigten letzten \u00c4nderung nehmen. Im Falle einer fehlgeschlagenen Annahme der an dieser Datenschutzerkl\u00e4rung hinzugef\u00fcgten \u00c4nderungen, muss der Benutzer die Verwendung dieser Website aufh\u00f6ren und er kann dem Verarbeitungsinhaber verlangen, die eigenen personenbezogenen Daten wegr\u00e4umen. Sofern nicht anders angegeben, wird die vorherige Datenschutzerkl\u00e4rung weitergehen, den bis zu jeder Zeit gesammelten personenbezogenen Daten sich zu widmen.\u00a0<\/p>\n","protected":false},"excerpt":{"rendered":"<p>Inhaber der Datenverarbeitung Casa Vinicola Rubattorno s.r.l. &#8211; Via Rubattorno, 254 &#8211; 51039 Quarrata (Pistoia), Italien E-Mail: info@rubattornovini.it Einleitung Die Rechtsverordnung\u00a0\u00fcber die Verarbeitung und den Schutz personenbezogener Daten erlegt eine &hellip; <a href=\"https:\/\/www.rubattornovini.it\/de\/privacy-policy\/\" class=\"excerpt-link\">Read More<\/a><\/p>\n","protected":false},"author":1,"featured_media":2412,"parent":0,"menu_order":0,"comment_status":"closed","ping_status":"closed","template":"page-templates\/page-with-sidebar.php","meta":{"footnotes":""},"class_list":["post-2410","page","type-page","status-publish","has-post-thumbnail","hentry"],"aioseo_notices":[],"_links":{"self":[{"href":"https:\/\/www.rubattornovini.it\/de\/wp-json\/wp\/v2\/pages\/2410","targetHints":{"allow":["GET"]}}],"collection":[{"href":"https:\/\/www.rubattornovini.it\/de\/wp-json\/wp\/v2\/pages"}],"about":[{"href":"https:\/\/www.rubattornovini.it\/de\/wp-json\/wp\/v2\/types\/page"}],"author":[{"embeddable":true,"href":"https:\/\/www.rubattornovini.it\/de\/wp-json\/wp\/v2\/users\/1"}],"replies":[{"embeddable":true,"href":"https:\/\/www.rubattornovini.it\/de\/wp-json\/wp\/v2\/comments?post=2410"}],"version-history":[{"count":29,"href":"https:\/\/www.rubattornovini.it\/de\/wp-json\/wp\/v2\/pages\/2410\/revisions"}],"predecessor-version":[{"id":2455,"href":"https:\/\/www.rubattornovini.it\/de\/wp-json\/wp\/v2\/pages\/2410\/revisions\/2455"}],"wp:featuredmedia":[{"embeddable":true,"href":"https:\/\/www.rubattornovini.it\/de\/wp-json\/wp\/v2\/media\/2412"}],"wp:attachment":[{"href":"https:\/\/www.rubattornovini.it\/de\/wp-json\/wp\/v2\/media?parent=2410"}],"curies":[{"name":"wp","href":"https:\/\/api.w.org\/{rel}","templated":true}]}}