{"id":2328,"date":"2017-02-01T19:05:48","date_gmt":"2017-02-01T18:05:48","guid":{"rendered":"http:\/\/www.rubattornovini.it\/cantina\/"},"modified":"2024-07-29T18:21:42","modified_gmt":"2024-07-29T16:21:42","slug":"weinkellerei","status":"publish","type":"page","link":"https:\/\/www.rubattornovini.it\/de\/weinkellerei\/","title":{"rendered":"Weinkellerei"},"content":{"rendered":"<h3 style=\"text-align: justify; padding-left: 30px;\">Eine Weinkellerei, die ihre historische Identit\u00e4t mit dem Gebiet bewahrt<\/h3>\n<p style=\"text-align: justify;\">Die Weinkellerei, einzigartige Stelle der Weinherstellungsprozesse des Weinguts, stammt aus dem Jahr 1700 und sie besteht aus Betonf\u00e4ssern und Edelstahltanks. Ihre architektonische Struktur hat keine\u00a0\u00c4nderung oder Umstrukturierung erleidet, gerade um zu versuchen, die enge Beziehung des Betriebs mit der Geschichte dieses besonderen und exklusiven Gebiets von Montalbano zu bewahren.<\/p>\n<p style=\"text-align: justify; padding-left: 30px;\"><strong>DIREKTVERTRIEB<\/strong><\/p>\n<p style=\"text-align: justify;\">Im Keller werden die IGT-Weine (rot, wei\u00df und ros\u00e9) ob lose oder in der Flasche, die rote Weine DOCG, der Vinsanto del Chianti DOC, die Grappa del Chianti und die natives Oliven\u00f6l extra verkauft. Die Weinkellerei ist f\u00fcr die\u00a0\u00d6fflentlichkeit f\u00fcr den Direktvertrieb zu folgenden Zeiten ge\u00f6ffnet:<\/p>\n<p style=\"text-align: justify;\"><em><strong>Freitag<\/strong>\u00a0von 16.00 bi\u00dcs 19.30 Uhr<\/em><br \/>\n<em><strong>Samstag<\/strong>\u00a0von 9.00 bis 12.30 Uhr und von 15.30 bis 18.30 Uhr<\/em><br \/>\n<em><strong>Sonntag<\/strong>\u00a0von 9.00 bis 12.30 Uhr<\/em><\/p>\n<p style=\"text-align: justify;\"><strong>Nach Stunden: nach Vereinbarung.<\/strong>\u00a0Rufen Sie die folgende Nummer an<em>: +39 3470448472.<\/em><\/p>\n<p style=\"text-align: justify; padding-left: 30px;\"><strong>F\u00dcHRUNGEN UND WEINPROBEN<\/strong><\/p>\n<p style=\"text-align: justify;\"><img loading=\"lazy\" decoding=\"async\" class=\" wp-image-1065 alignright\" src=\"http:\/\/www.rubattornovini.it\/wp-content\/uploads\/2016\/04\/cantina-300x129.jpg\" alt=\"\" width=\"319\" height=\"137\" srcset=\"https:\/\/www.rubattornovini.it\/wp-content\/uploads\/2016\/04\/cantina-300x129.jpg 300w, https:\/\/www.rubattornovini.it\/wp-content\/uploads\/2016\/04\/cantina.jpg 340w\" sizes=\"auto, (max-width: 319px) 100vw, 319px\" \/><\/p>\n<p style=\"text-align: justify;\">Unserer Keller ist auch f\u00fcr F\u00fchrungen mit Weinproben ge\u00f6ffnet, wo es m\u00f6glich ist, unsere Weinberge zu besichtigen und die Geschichte des Betriebs und des Gebiets von Montalbano zu kennen, tausendj\u00e4hrige Wiege der Handwerkskunst des Weins. W\u00e4hrend der Tour ist es m\u00f6glich, auch den unterirdischen einstigen Keller zu besichtigen, den heute noch als Ort f\u00fcr die G\u00e4rung und die Weinherstellung der Weine verwendet wird.<\/p>\n<p style=\"text-align: justify;\">F\u00fcr diejenigen, die an einer Weinprobe teilnehmen oder eine private Veranstaltung mit Freunden (als ein Abendessen, einen Aperitif&#8230;) mit unserer Weine machen wollen, k\u00f6nnen sie direkt ihre eigene private Veranstaltung \u00fcber das folgende Formular buchen:\u00a0<a href=\"http:\/\/www.rubattornovini.it\/de\/home\/buchen-sie-ihre-weinprobe\/\">http:\/\/www.rubattornovini.it\/de\/home\/buchen-sie-ihre-weinprobe\/<\/a><\/p>\n<p style=\"text-align: center;\"><em><strong>F\u00fcr weitere Informationen kontaktieren Sie uns bitte per Fax: \u00a0+39 0573 735232, Handy +39 3470448472<\/strong><\/em><br \/>\n<em><strong> oder via E-Mail:\u00a0<a href=\"mailto:commerciale@rubattornovini.it\">commerciale@rubattornovini.it<\/a><\/strong><\/em><\/p>\n<p>&nbsp;<\/p>\n","protected":false},"excerpt":{"rendered":"<p>Eine Weinkellerei, die ihre historische Identit\u00e4t mit dem Gebiet bewahrt Die Weinkellerei, einzigartige Stelle der Weinherstellungsprozesse des Weinguts, stammt aus dem Jahr 1700 und sie besteht aus Betonf\u00e4ssern und Edelstahltanks. &hellip; <a href=\"https:\/\/www.rubattornovini.it\/de\/weinkellerei\/\" class=\"excerpt-link\">Read More<\/a><\/p>\n","protected":false},"author":4,"featured_media":1881,"parent":0,"menu_order":0,"comment_status":"closed","ping_status":"closed","template":"","meta":{"footnotes":""},"class_list":["post-2328","page","type-page","status-publish","has-post-thumbnail","hentry"],"aioseo_notices":[],"_links":{"self":[{"href":"https:\/\/www.rubattornovini.it\/de\/wp-json\/wp\/v2\/pages\/2328","targetHints":{"allow":["GET"]}}],"collection":[{"href":"https:\/\/www.rubattornovini.it\/de\/wp-json\/wp\/v2\/pages"}],"about":[{"href":"https:\/\/www.rubattornovini.it\/de\/wp-json\/wp\/v2\/types\/page"}],"author":[{"embeddable":true,"href":"https:\/\/www.rubattornovini.it\/de\/wp-json\/wp\/v2\/users\/4"}],"replies":[{"embeddable":true,"href":"https:\/\/www.rubattornovini.it\/de\/wp-json\/wp\/v2\/comments?post=2328"}],"version-history":[{"count":5,"href":"https:\/\/www.rubattornovini.it\/de\/wp-json\/wp\/v2\/pages\/2328\/revisions"}],"predecessor-version":[{"id":3041,"href":"https:\/\/www.rubattornovini.it\/de\/wp-json\/wp\/v2\/pages\/2328\/revisions\/3041"}],"wp:featuredmedia":[{"embeddable":true,"href":"https:\/\/www.rubattornovini.it\/de\/wp-json\/wp\/v2\/media\/1881"}],"wp:attachment":[{"href":"https:\/\/www.rubattornovini.it\/de\/wp-json\/wp\/v2\/media?parent=2328"}],"curies":[{"name":"wp","href":"https:\/\/api.w.org\/{rel}","templated":true}]}}