{"id":1090,"date":"2016-04-18T11:16:17","date_gmt":"2016-04-18T09:16:17","guid":{"rendered":"http:\/\/localhost\/de\/cookie-policy\/"},"modified":"2017-05-02T19:55:51","modified_gmt":"2017-05-02T17:55:51","slug":"cookie-politik","status":"publish","type":"page","link":"https:\/\/www.rubattornovini.it\/de\/cookie-politik\/","title":{"rendered":"Cookie-Politik"},"content":{"rendered":"<p style=\"text-align: justify;\"><strong>Cookie-Politik <\/strong><\/p>\n<p style=\"text-align: justify;\">Ein Cookie ist eine kleine Textdatei, die auf Ihren Computer heruntergeladen wird, wenn Sie auf einer bestimmten Webseite zugreifen.<br \/>\n Cookies erlauben einer Website, die ausgedr\u00fcckte Pr\u00e4ferenzen von einem Benutzer w\u00e4hrend einer fr\u00fcheren Sitzung zu erkennen, wenn er zur\u00fcckkommt, um diese Website zu besuchen. Ein Cookie selbst enth\u00e4lt oder sammelt keine Informationen.<br \/>\n Wenn es allerdings von einem Server in Verbindung mit einem Webbrowser gelesen wird, kann es eine Website helfen, einen leichteren Zugang anzubieten, zum Beispiel an die fr\u00fchere K\u00e4ufe oder an die Details eines Kontos zu erinnern. Diese Informationen k\u00f6nnten die Identifizierung des Besuchers erm\u00f6glichen.\u00a0Auf dieser Seite werden die folgenden Arten von Cookies installiert:<\/p>\n<p><strong>Erste Teil Cookies:<\/strong><\/p>\n<p style=\"text-align: justify;\">Die so genannte &#8222;technische Cookies&#8220; sind diejenigen, die nur f\u00fcr den Zweck verwendet wird, &#8222;um die \u00dcbertragung einer Nachricht \u00fcber ein elektronisches Kommunikationsnetz durchzuf\u00fchren, oder im unbedingt erforderlichen Ausma\u00df eine Dienstleistung dem Anbieter der Informationsgesellschaft, die ausdr\u00fccklich beim Teilnehmer oder beim Benutzer angefordert wird, solcher Service anzubieten &#8222;.<br \/>\n Sie sind nicht f\u00fcr weitere Zwecke verwendet und sie werden normalerweise direkt vom Eigent\u00fcmer oder vom Betreiber der Website installiert.<br \/>\n Sie werden immer verwendet und gesendet werden, es sei denn, dass der Benutzer nicht die Einstellungen in seinem\/ihrem eigenen Browser (beim Beeintr\u00e4chtigen so die Visualisierung der Websiteseiten) \u00e4nderte.<br \/>\n <em><br \/>\n Diese Cookies unterscheiden zwischen zwei Kategorien, Persistent und Sitzung:<\/em><\/p>\n<p style=\"text-align: justify;\">&#8211; Persistent Cookies: sobald Sie Ihren Browser schlie\u00dfen, werden sie nicht zerst\u00f6rt, sondern sie bleiben bis zu einem vorher festgelegten Ablaufdatum<br \/>\n \u2013 Sitzungscookies: sie werden zerst\u00f6rt, wenn der Browser jedes Mal geschlossen wird.<\/p>\n<p style=\"text-align: justify;\"><strong>Die Familie von technischen Cookies umfasst:<\/strong><\/p>\n<p style=\"text-align: justify;\">\u2013 Surfen-Cookies oder Sitzungscookies, die das normale Surfen und die Nutzung der Website (beim Erlaub, beispielsweise einen Kauf zu machen oder sich zu best\u00e4tigen, um der reservierten Bereiche einzutreten und pers\u00f6nlich zu gestalten) gew\u00e4hrleisten.<br \/>\n \u2013 Die analytische Cookies, die mit technischen Cookies gleichgestellt sind, wo sie direkt durch die Seitenbetreiber verwendet werden, um Informationen in zusammengefasster Form zu sammeln, \u00fcber die Anzahl der Benutzer und \u00fcber wie sie der gleichen Seite besuchen.<br \/>\n \u2013 Funktionalit\u00e4tscookies: sie erm\u00f6glichen dem Benutzer das Durchsuchen nach einer ausgew\u00e4hlten Reihe von Kriterien (zum Beispiel die Sprache, die ausgew\u00e4hlte Produkte zum Kauf) um den gleichen zur\u00fcckgegebenen Dienst zu verbessern.<\/p>\n<p style=\"text-align: justify;\"><strong>\u00a0<\/strong><strong>Dritte Teil Cookies:<\/strong><\/p>\n<p style=\"text-align: justify;\"><span style=\"font-family: georgia, palatino, serif;\">Sie werden auf dem Computer des Benutzers durch Dritter, wie soziale Netzwerke und die Werbeagenturen gespeichert.<\/span><br \/>\n <span style=\"font-family: georgia, palatino, serif;\">Die Google Adwords Remarketing speichert beispielsweise einige Cookies, die nach einer definierten Anzahl von Tagen ablaufen und sie dienen Interessensegmente zu erstellen, die auf der vom Benutzer besuchten Seiten beruhen.<\/span><\/p>\n<p style=\"text-align: justify;\"><span style=\"font-family: georgia, palatino, serif;\"><em>Cookies werden im Speicher Ihres Browsers gespeichert und jedes von ihnen enth\u00e4lt im Allgemeinen:<\/em><\/span><\/p>\n<p style=\"text-align: justify;\"><span style=\"font-family: georgia, palatino, serif;\">\u2013 Der Servername, von dem das Cookie gesendet wurde<\/span><br \/>\n <span style=\"font-family: georgia, palatino, serif;\">\u2013 Die Zeit, das Anforderungsdatum und das Verfallsdatum des Cookies<\/span><br \/>\n <span style=\"font-family: georgia, palatino, serif;\">\u2013 Die IP-Adresse<\/span><br \/>\n <span style=\"font-family: georgia, palatino, serif;\">\u2013 Die Typologie des Betriebssystems, der verwendete Browser, die Bildschirmaufl\u00f6sung und andere technischen Informationen<\/span><br \/>\n <span style=\"font-family: georgia, palatino, serif;\">\u2013 Einen Wert \u00fcblicherweise eine einzige Zahl, die zuf\u00e4llig vom Computer erzeugt wird<\/span><\/p>\n<p style=\"text-align: justify;\"><span style=\"font-family: georgia, palatino, serif;\">Der Webseite-Server, der das Cookie \u00fcbertr\u00e4gt, verwendet diese Nummer, um Sie zu erkennen, wenn Sie eine Website zur\u00fcckkehrt zu besuchen oder von einer Seite zur anderen zu surfen. Nur der Server, der das Cookie installiert, kann diese Daten lesen.<\/span><br \/>\n <span style=\"font-family: georgia, palatino, serif;\">Diese Daten sind anonym und sie sind nur f\u00fcr statistische Zwecke verarbeitet und gespeichert.<\/span><br \/>\n <span style=\"font-family: georgia, palatino, serif;\">Die meisten Webbrowser akzeptieren Cookies. Sie haben noch die M\u00f6glichkeit, Cookies abzulehnen, indem Sie Ihre Browsereinstellungen \u00e4ndern.\u00a0<\/span><span style=\"font-family: georgia, palatino, serif;\">Wenn Sie Cookies ablehnen, k\u00f6nnten Sie einige Funktionalit\u00e4ten dieser Website verlieren.<\/span><\/p>\n<p style=\"text-align: justify;\"><span style=\"font-family: georgia, palatino, serif;\">Hierunter listen wir die Arten von Cookies auf, die wir auf unserer Website verwenden und warum sie benutzt werden:<\/span><\/p>\n<p style=\"text-align: justify;\"><span style=\"font-family: georgia, palatino, serif;\"><strong>Technische Cookies: <\/strong>sie werden automatisch verwendet, um Dienste wie zum Beispiel aber nicht abgeschlossen die Antwort auf die schriftliche Stellungnahmen, das Senden von Anforderungen f\u00fcr Betreuung oder f\u00fcr Informationen, die Wahl der Sprache, die Sitzung zu erbringen.<\/span><\/p>\n<p style=\"text-align: justify;\">\n <span style=\"font-family: georgia, palatino, serif;\"><strong>Analytische Cookies: <\/strong>diese Cookies werden verwendet, um zu messen und zu analysieren, wie Besucher unsere Website benutzen. Wir verwenden diese Informationen, um Ihre Erfahrung auf unserer Website zu verbessern.<\/span><\/p>\n<p style=\"text-align: justify;\">\n <span style=\"font-family: georgia, palatino, serif;\"><strong>Dritte Teil Cookies: <\/strong>Sie werden durch Werbungskonzessionen vor allem <strong>Google Adsense<\/strong> installiert, deren Datenschutzrichtlinie Bedingungen Sie unter diesem <a href=\"http:\/\/www.google.com\/intl\/en\/policies\/privacy\/\" target=\"_blank\" rel=\"noopener noreferrer\">Link<\/a> konsultieren k\u00f6nnen.\u00a0<\/span><span style=\"font-family: georgia, palatino, serif;\">F\u00fcr Cookies, die von sozialen Netzwerken wie <strong>Facebook<\/strong> installiert werden, sehen Sie die Bedingungen f\u00fcr die Verwendung von Cookies unter diesem <a href=\"https:\/\/www.facebook.com\/help\/cookies\/?ref=sitefooter\" target=\"_blank\" rel=\"noopener noreferrer\">Link<\/a>, <strong>Twitter<\/strong> sehen Sie die Bedingungen f\u00fcr die Verwendung von Cookies unter diesem <a href=\"https:\/\/support.twitter.com\/articles\/20170519#\" target=\"_blank\" rel=\"noopener noreferrer\">Link<\/a>, <strong>Instagram<\/strong>\u00a0sehen Sie die Bedingungen f\u00fcr die Verwendung von Cookies unter diesem\u00a0<a href=\"https:\/\/help.instagram.com\/155833707900388\">link<\/a>. Weitere Informationen, um einzelner Cookies zu blockieren, finden Sie unter diesem <a href=\"http:\/\/www.youronlinechoices.com\/de\/\" target=\"_blank\" rel=\"noopener noreferrer\">Link<\/a>.<\/span><\/p>\n<p style=\"text-align: justify;\"><span style=\"font-family: georgia, palatino, serif;\">Um Cookies zu l\u00f6schen, entfernen oder blockieren, ist es m\u00f6glich entsprechend seiner Indikationen, auf die Browsereinstellungen zur\u00fcckgreifen:<\/span><\/p>\n<p style=\"text-align: justify;\"><span style=\"font-family: georgia, palatino, serif;\"><a href=\"http:\/\/windows.microsoft.com\/it-it\/windows-vista\/block-or-allow-cookies\" target=\"_blank\" rel=\"noopener noreferrer\"> Microsoft Windows Explorer<\/a><\/span><br \/>\n <span style=\"font-family: georgia, palatino, serif;\"> <a href=\"https:\/\/support.google.com\/chrome\/answer\/95647?hl=it&amp;p=cpn_cookies\" target=\"_blank\" rel=\"noopener noreferrer\">Google Chrome<\/a><\/span><br \/>\n <span style=\"font-family: georgia, palatino, serif;\"> <a href=\"https:\/\/support.mozilla.org\/it\/kb\/Attivare%20e%20disattivare%20i%20cookie?redirectlocale=en-US&amp;redirectslug=Enabling+and+disabling+cookies\" target=\"_blank\" rel=\"noopener noreferrer\">Mozilla Firefox<\/a><\/span><br \/>\n <span style=\"font-family: georgia, palatino, serif;\"> <a href=\"https:\/\/support.apple.com\/kb\/PH17191?locale=it_IT\" target=\"_blank\" rel=\"noopener noreferrer\">Safari<\/a><\/span><br \/>\n <span style=\"font-family: georgia, palatino, serif;\"> <a href=\"http:\/\/help.opera.com\/Windows\/10.00\/it\/cookies.html\" target=\"_blank\" rel=\"noopener noreferrer\">Opera<\/a><\/span><\/p>\n","protected":false},"excerpt":{"rendered":"<p>Cookie-Politik Ein Cookie ist eine kleine Textdatei, die auf Ihren Computer heruntergeladen wird, wenn Sie auf einer bestimmten Webseite zugreifen. Cookies erlauben einer Website, die ausgedr\u00fcckte Pr\u00e4ferenzen von einem Benutzer &hellip; <a href=\"https:\/\/www.rubattornovini.it\/de\/cookie-politik\/\" class=\"excerpt-link\">Read More<\/a><\/p>\n","protected":false},"author":1,"featured_media":2023,"parent":0,"menu_order":0,"comment_status":"closed","ping_status":"closed","template":"page-templates\/page-with-sidebar.php","meta":{"footnotes":""},"class_list":["post-1090","page","type-page","status-publish","has-post-thumbnail","hentry"],"aioseo_notices":[],"_links":{"self":[{"href":"https:\/\/www.rubattornovini.it\/de\/wp-json\/wp\/v2\/pages\/1090","targetHints":{"allow":["GET"]}}],"collection":[{"href":"https:\/\/www.rubattornovini.it\/de\/wp-json\/wp\/v2\/pages"}],"about":[{"href":"https:\/\/www.rubattornovini.it\/de\/wp-json\/wp\/v2\/types\/page"}],"author":[{"embeddable":true,"href":"https:\/\/www.rubattornovini.it\/de\/wp-json\/wp\/v2\/users\/1"}],"replies":[{"embeddable":true,"href":"https:\/\/www.rubattornovini.it\/de\/wp-json\/wp\/v2\/comments?post=1090"}],"version-history":[{"count":9,"href":"https:\/\/www.rubattornovini.it\/de\/wp-json\/wp\/v2\/pages\/1090\/revisions"}],"predecessor-version":[{"id":2396,"href":"https:\/\/www.rubattornovini.it\/de\/wp-json\/wp\/v2\/pages\/1090\/revisions\/2396"}],"wp:featuredmedia":[{"embeddable":true,"href":"https:\/\/www.rubattornovini.it\/de\/wp-json\/wp\/v2\/media\/2023"}],"wp:attachment":[{"href":"https:\/\/www.rubattornovini.it\/de\/wp-json\/wp\/v2\/media?parent=1090"}],"curies":[{"name":"wp","href":"https:\/\/api.w.org\/{rel}","templated":true}]}}